{"id":717,"date":"2023-07-18T10:11:15","date_gmt":"2023-07-18T03:11:15","guid":{"rendered":"https:\/\/baggo.vn\/san-pham\/tui-vai-bo-thoi-trang-nu-tui-vai-deo-vai\/"},"modified":"2023-07-18T10:11:15","modified_gmt":"2023-07-18T03:11:15","slug":"tui-vai-bo-thoi-trang-nu-tui-vai-deo-vai","status":"publish","type":"product","link":"https:\/\/baggo.vn\/en\/san-pham\/tui-vai-bo-thoi-trang-nu-tui-vai-deo-vai\/","title":{"rendered":"T\u00fai v\u1ea3i b\u1ed1 th\u1eddi trang n\u1eef, t\u00fai v\u1ea3i \u0111eo vai"},"content":{"rendered":"<h3>Chi ti\u1ebft s\u1ea3n ph\u1ea9m<\/h3>\n<table class=\"is-zebra all magic-4\" border=\"1\" cellpadding=\"5\">\n<tbody>\n<tr>\n<td colspan=\"1\" rowspan=\"1\">\n<div class=\"magic-5\" data-spm-anchor-id=\"a2700.md_vi_VN.pronpeci14.i1.7e1d4842PJpk4m\">T\u00ean s\u1ea3n ph\u1ea9m<\/div>\n<\/td>\n<td colspan=\"1\" rowspan=\"1\">\n<div class=\"magic-6\">T\u00fai tote v\u1ea3i canvas th\u1eddi trang<\/div>\n<\/td>\n<\/tr>\n<tr>\n<td>\n<div class=\"magic-5\">Xu\u1ea5t x\u1ee9<\/div>\n<\/td>\n<td>\n<div class=\"magic-6\">Vi\u1ec7t Nam<\/div>\n<\/td>\n<\/tr>\n<tr>\n<td>\n<div class=\"magic-5\">Th\u01b0\u01a1ng hi\u1ec7u<\/div>\n<\/td>\n<td>\n<div class=\"magic-6\">Ecobags, theo y\u00eau c\u1ea7u<\/div>\n<\/td>\n<\/tr>\n<tr>\n<td colspan=\"1\" rowspan=\"1\">\n<div class=\"magic-5\">Ch\u1ea5t li\u1ec7u<\/div>\n<\/td>\n<td colspan=\"1\" rowspan=\"1\">\n<div class=\"magic-6\">100% cotton, canvas<\/div>\n<\/td>\n<\/tr>\n<tr>\n<td colspan=\"1\" rowspan=\"1\">\n<div class=\"magic-5\">M\u00e0u s\u1eafc<\/div>\n<\/td>\n<td colspan=\"1\" rowspan=\"1\">M\u1ed9c t\u1ef1 nhi\u00ean<\/td>\n<\/tr>\n<tr>\n<td colspan=\"1\" rowspan=\"1\">K\u00edch th\u01b0\u1edbc<\/td>\n<td colspan=\"1\" rowspan=\"1\">\n<div class=\"magic-6\">40*30*8 cm<\/div>\n<\/td>\n<\/tr>\n<tr>\n<td>\n<div class=\"magic-5\">\u0110\u01a1n h\u00e0ng t\u1ed1i thi\u1ec3u<\/div>\n<\/td>\n<td>\n<div class=\"magic-6\">100 chi\u1ebfc<\/div>\n<\/td>\n<\/tr>\n<tr>\n<td>\n<div class=\"magic-5\">OEM\/ODM<\/div>\n<\/td>\n<td>\n<div class=\"magic-6\">S\u1eb5n s\u00e0ng<\/div>\n<\/td>\n<\/tr>\n<tr>\n<td>\n<div class=\"magic-5\">Th\u1eddi gian ho\u00e0n th\u00e0nh m\u1eabu<\/div>\n<\/td>\n<td>\n<div class=\"magic-6\">1 \u0111\u1ebfn 2 ng\u00e0y<\/div>\n<\/td>\n<\/tr>\n<tr>\n<td colspan=\"1\" rowspan=\"1\">\n<div class=\"magic-5\">T\u00ednh n\u0103ng<\/div>\n<\/td>\n<td colspan=\"1\" rowspan=\"1\">\n<div class=\"magic-6\">T\u00e1i s\u1eed d\u1ee5ng, th\u00e2n thi\u1ec7n m\u00f4i tr\u01b0\u1eddng<\/div>\n<\/td>\n<\/tr>\n<tr>\n<td colspan=\"1\" rowspan=\"1\">\n<div class=\"magic-5\">\u1ee8ng d\u1ee5ng<\/div>\n<\/td>\n<td colspan=\"1\" rowspan=\"1\">\n<div class=\"magic-6\">\u0110\u1ef1ng \u0111\u1ed3 d\u00f9ng, du l\u1ecbch, \u0111i h\u1ecdc, \u0111i l\u00e0m<\/div>\n<\/td>\n<\/tr>\n<tr>\n<td colspan=\"1\" rowspan=\"1\">\n<div class=\"magic-5\">Th\u1eddi gian giao h\u00e0ng<\/div>\n<\/td>\n<td colspan=\"1\" rowspan=\"1\">\n<div class=\"magic-6\">\n<div data-spm-anchor-id=\"0.0.0.i5.593b4f05AaOseO\">2 \u0111\u1ebfn 5 ng\u00e0y<\/div>\n<\/div>\n<\/td>\n<\/tr>\n<tr>\n<td>H\u00ecnh th\u1ee9c v\u1eadn chuy\u1ec3n<\/td>\n<td>COD, Ship,\u2026<\/td>\n<\/tr>\n<tr>\n<td>H\u00ecnh th\u1ee9c thanh to\u00e1n<\/td>\n<td>T\/T<\/td>\n<\/tr>\n<\/tbody>\n<\/table>\n<h3><\/h3>\n<h3>Th\u00f4ng tin chi ti\u1ebft h\u00ecnh \u1ea3nh<\/h3>\n<p><img fetchpriority=\"high\" decoding=\"async\" class=\"alignnone size-full wp-image-83\" src=\"https:\/\/baggo.vn\/wp-content\/uploads\/2023\/07\/IRM00525-1.jpg\" width=\"1280\" height=\"1280\" alt=\"t\u00fai tote v\u1ea3i m\u1ec1m\" srcset=\"https:\/\/baggo.vn\/wp-content\/uploads\/2023\/07\/IRM00525-1.jpg 1280w, https:\/\/baggo.vn\/wp-content\/uploads\/2023\/07\/IRM00525-1-300x300.jpg 300w, https:\/\/baggo.vn\/wp-content\/uploads\/2023\/07\/IRM00525-1-1024x1024.jpg 1024w, https:\/\/baggo.vn\/wp-content\/uploads\/2023\/07\/IRM00525-1-150x150.jpg 150w, https:\/\/baggo.vn\/wp-content\/uploads\/2023\/07\/IRM00525-1-768x768.jpg 768w, https:\/\/baggo.vn\/wp-content\/uploads\/2023\/07\/IRM00525-1-600x600.jpg 600w, https:\/\/baggo.vn\/wp-content\/uploads\/2023\/07\/IRM00525-1-100x100.jpg 100w\" sizes=\"(max-width: 1280px) 100vw, 1280px\" \/><\/p>\n<p><img decoding=\"async\" class=\"alignnone size-full wp-image-84\" src=\"https:\/\/baggo.vn\/wp-content\/uploads\/2023\/07\/IRM00530.jpg\" width=\"1280\" height=\"1280\" alt=\"t\u00fai tote d\u1ec5 th\u01b0\u01a1ng\" srcset=\"https:\/\/baggo.vn\/wp-content\/uploads\/2023\/07\/IRM00530.jpg 1280w, https:\/\/baggo.vn\/wp-content\/uploads\/2023\/07\/IRM00530-300x300.jpg 300w, https:\/\/baggo.vn\/wp-content\/uploads\/2023\/07\/IRM00530-1024x1024.jpg 1024w, https:\/\/baggo.vn\/wp-content\/uploads\/2023\/07\/IRM00530-150x150.jpg 150w, https:\/\/baggo.vn\/wp-content\/uploads\/2023\/07\/IRM00530-768x768.jpg 768w, https:\/\/baggo.vn\/wp-content\/uploads\/2023\/07\/IRM00530-600x600.jpg 600w, https:\/\/baggo.vn\/wp-content\/uploads\/2023\/07\/IRM00530-100x100.jpg 100w\" sizes=\"(max-width: 1280px) 100vw, 1280px\" \/><\/p>\n<h3>Kh\u1ea3 n\u0103ng cung c\u1ea5p:<\/h3>\n<p>Kh\u1ea3 n\u0103ng cung c\u1ea5p: 200.000 chi\u1ebfc\/th\u00e1ng<\/p>\n<h3>\u0110\u00f3ng g\u00f3i &amp; giao h\u00e0ng<\/h3>\n<h3>Th\u1eddi gian ch\u1edd giao h\u00e0ng<\/h3>\n<table width=\"802\">\n<tbody>\n<tr>\n<td>S\u1ed1 l\u01b0\u1ee3ng(Pieces)<\/td>\n<td>100 \u2013 499<\/td>\n<td>500 \u2013 999<\/td>\n<td>1000 \u2013 4999<\/td>\n<td>\u2265500<\/td>\n<\/tr>\n<tr>\n<td>Th\u1eddi gian \u01b0\u1edbc t\u00ednh (ng\u00e0y)<\/td>\n<td>4<\/td>\n<td>7<\/td>\n<td>7-10<\/td>\n<td>Th\u01b0\u01a1ng l\u01b0\u1ee3ng<\/td>\n<\/tr>\n<\/tbody>\n<\/table>\n<p><strong>FAQ<\/strong><\/p>\n<ol>\n<li><strong>B\u1ea1n l\u00e0 c\u00f4ng ty th\u01b0\u01a1ng m\u1ea1i hay l\u00e0 s\u1ea3n xu\u1ea5t? c\u00f4ng nh\u00e2n vi\u00ean c\u1ee7a b\u1ea1n c\u00f3 bao nhi\u00eau ng\u01b0\u1eddi?<\/strong><br \/>\nCh\u00fang t\u00f4i l\u00e0 c\u00f4ng ty s\u1ea3n xu\u1ea5t, hi\u1ec7n t\u1ea1i c\u00f3 100 c\u00f4ng nh\u00e2n vi\u00ean.<\/li>\n<li><strong>C\u00f4ng ty b\u1ea1n \u1edf khu v\u1ef1c n\u00e0o?<\/strong><br \/>\nC\u00f4ng ty ch\u00fang t\u00f4i c\u00f3 2 nh\u00e0 m\u00e1y: nh\u00e0 m\u00e1y d\u1ec7t \u1edf B\u1eafc Ninh, nh\u00e0 m\u00e1y may v\u00e0 in \u1edf Ho\u00e0i \u0110\u1ee9c.<\/li>\n<li><strong>C\u00f4ng ty b\u1ea1n c\u00f3 nhi\u1ec1u m\u00e0u v\u1ea3i canvas kh\u00f4ng?<\/strong><br \/>\nCh\u00fang t\u00f4i c\u00f3 th\u1ec3 nhu\u1ed9m theo y\u00eau c\u1ea7u c\u1ee7a b\u1ea1n.<\/li>\n<li><strong>B\u1ea1n c\u00f3 th\u1ec3 cung c\u1ea5p m\u1eabu \u0111\u01b0\u1ee3c kh\u00f4ng?<\/strong><br \/>\nCh\u00fang t\u00f4i c\u00f3 th\u1ec3 cung c\u1ea5p mi\u1ec5n ph\u00ed m\u1eabu v\u00e0 c\u00f3 th\u1ec3 cung c\u1ea5p m\u1eabu theo y\u00eau c\u1ea7u c\u1ee7a b\u1ea1n v\u00e0 b\u1ea1n s\u1ebd ph\u1ea3i tr\u1ea3 ph\u00ed cho ti\u1ec1n l\u00e0m m\u1eabu.<\/li>\n<li><strong>C\u00f4ng ty b\u1ea1n c\u00f3 l\u00e0m vi\u1ec7c v\u1edbi nh\u1eefng \u0111\u01a1n h\u00e0ng nh\u1ecf?<\/strong><br \/>\nCh\u00fang t\u00f4i lu\u00f4n ch\u00e0o m\u1eebng c\u00e1c b\u1ea1n v\u00e0 t\u1ea1o \u0111i\u1ec1u ki\u1ec7n h\u1ebft s\u1ee9c trong kh\u1ea3 n\u0103ng.<\/li>\n<li><strong>Ch\u00fang t\u00f4i c\u00f3 th\u1ec3 th\u0103m c\u00f4ng ty c\u1ee7a b\u1ea1n?<\/strong><br \/>\nV\u00e2ng, ch\u1eafc ch\u1eafn r\u1ed3i. Ch\u00e0o m\u1eebng c\u00e1c b\u1ea1n!<\/li>\n<\/ol>\n<p><strong>Li\u00ean H\u1ec7<\/strong><\/p>\n<p>Phone: 0904 247 292 | 0906 431 243<\/p>\n<p>Email: welcome@ecobags.vn<\/p>\n","protected":false},"excerpt":{"rendered":"<p class=\"mb-0\">M\u00e0u s\u1eafc<\/p>\n<div class=\"list-color\">\n<div class=\"link\"><\/div>\n<\/div>\n<div class=\"mt-3 description\">\n<p><strong>V\u1eadn chuy\u1ec3n n\u1ed9i \u0111\u1ecba:<\/strong> (\u0110\u01b0\u1eddng b\u1ed9, \u0111\u01b0\u1eddng s\u1eaft, \u0111\u01b0\u1eddng h\u00e0ng kh\u00f4ng)<\/p>\n<p><strong>V\u1eadn chuy\u1ec3n qu\u1ed1c t\u1ebf:<\/strong> \u0110\u01b0\u1eddng bi\u1ec3n, \u0111\u01b0\u1eddng h\u00e0ng kh\u00f4ng<\/p>\n<p>Theo y\u00eau c\u1ea7u: T\u00f9y ch\u1ec9nh logo (\u0110\u01a1n h\u00e0ng t\u1ed1i hi\u1ec3u \u2265 100 chi\u1ebfc)<\/p>\n<p>T\u00f9y ch\u1ec9nh thi\u1ebft k\u1ebf ( \u0110\u01a1n h\u00e0ng t\u1ed1i thi\u1ec3u \u2265 100 chi\u1ebfc)<\/p>\n<p>H\u00ecnh th\u1ee9c thanh to\u00e1n: T\/T; L\/C; Visa<\/p>\n<p>May m\u1eabu: 1 chi\u1ebfc (T\u1ed1i thi\u1ec3u)<\/p>\n<\/div>\n","protected":false},"featured_media":664,"comment_status":"open","ping_status":"closed","template":"","meta":{"site-sidebar-layout":"default","site-content-layout":"default","ast-site-content-layout":"default","site-content-style":"default","site-sidebar-style":"default","ast-global-header-display":"","ast-banner-title-visibility":"","ast-main-header-display":"","ast-hfb-above-header-display":"","ast-hfb-below-header-display":"","ast-hfb-mobile-header-display":"","site-post-title":"","ast-breadcrumbs-content":"","ast-featured-img":"","footer-sml-layout":"","ast-disable-related-posts":"","theme-transparent-header-meta":"default","adv-header-id-meta":"","stick-header-meta":"default","header-above-stick-meta":"","header-main-stick-meta":"","header-below-stick-meta":"","astra-migrate-meta-layouts":"default","ast-page-background-enabled":"default","ast-page-background-meta":{"desktop":{"background-color":"var(--ast-global-color-4)","background-image":"","background-repeat":"repeat","background-position":"center center","background-size":"auto","background-attachment":"scroll","background-type":"","background-media":"","overlay-type":"","overlay-color":"","overlay-opacity":"","overlay-gradient":""},"tablet":{"background-color":"","background-image":"","background-repeat":"repeat","background-position":"center center","background-size":"auto","background-attachment":"scroll","background-type":"","background-media":"","overlay-type":"","overlay-color":"","overlay-opacity":"","overlay-gradient":""},"mobile":{"background-color":"","background-image":"","background-repeat":"repeat","background-position":"center center","background-size":"auto","background-attachment":"scroll","background-type":"","background-media":"","overlay-type":"","overlay-color":"","overlay-opacity":"","overlay-gradient":""}},"ast-content-background-meta":{"desktop":{"background-color":"var(--ast-global-color-5)","background-image":"","background-repeat":"repeat","background-position":"center center","background-size":"auto","background-attachment":"scroll","background-type":"","background-media":"","overlay-type":"","overlay-color":"","overlay-opacity":"","overlay-gradient":""},"tablet":{"background-color":"var(--ast-global-color-5)","background-image":"","background-repeat":"repeat","background-position":"center center","background-size":"auto","background-attachment":"scroll","background-type":"","background-media":"","overlay-type":"","overlay-color":"","overlay-opacity":"","overlay-gradient":""},"mobile":{"background-color":"var(--ast-global-color-5)","background-image":"","background-repeat":"repeat","background-position":"center center","background-size":"auto","background-attachment":"scroll","background-type":"","background-media":"","overlay-type":"","overlay-color":"","overlay-opacity":"","overlay-gradient":""}}},"product_brand":[],"product_cat":[96,92,93,94],"product_tag":[],"class_list":{"0":"post-717","1":"product","2":"type-product","3":"status-publish","4":"has-post-thumbnail","6":"product_cat-canvas-tote-bag","7":"product_cat-jute-bag","8":"product_cat-non-woven-bags","9":"product_cat-umbrella-bag","10":"desktop-align-left","11":"tablet-align-left","12":"mobile-align-left","13":"ast-product-gallery-layout-horizontal-slider","14":"ast-product-tabs-layout-horizontal","16":"first","17":"instock","18":"featured","19":"shipping-taxable","20":"purchasable","21":"product-type-simple"},"_links":{"self":[{"href":"https:\/\/baggo.vn\/en\/wp-json\/wp\/v2\/product\/717","targetHints":{"allow":["GET"]}}],"collection":[{"href":"https:\/\/baggo.vn\/en\/wp-json\/wp\/v2\/product"}],"about":[{"href":"https:\/\/baggo.vn\/en\/wp-json\/wp\/v2\/types\/product"}],"replies":[{"embeddable":true,"href":"https:\/\/baggo.vn\/en\/wp-json\/wp\/v2\/comments?post=717"}],"wp:featuredmedia":[{"embeddable":true,"href":"https:\/\/baggo.vn\/en\/wp-json\/wp\/v2\/media\/664"}],"wp:attachment":[{"href":"https:\/\/baggo.vn\/en\/wp-json\/wp\/v2\/media?parent=717"}],"wp:term":[{"taxonomy":"product_brand","embeddable":true,"href":"https:\/\/baggo.vn\/en\/wp-json\/wp\/v2\/product_brand?post=717"},{"taxonomy":"product_cat","embeddable":true,"href":"https:\/\/baggo.vn\/en\/wp-json\/wp\/v2\/product_cat?post=717"},{"taxonomy":"product_tag","embeddable":true,"href":"https:\/\/baggo.vn\/en\/wp-json\/wp\/v2\/product_tag?post=717"}],"curies":[{"name":"wp","href":"https:\/\/api.w.org\/{rel}","templated":true}]}}